{"id":3,"date":"2026-01-12T10:39:11","date_gmt":"2026-01-12T10:39:11","guid":{"rendered":"https:\/\/ovtar.com\/?page_id=3"},"modified":"2026-01-12T12:23:02","modified_gmt":"2026-01-12T12:23:02","slug":"privacy-policy","status":"publish","type":"page","link":"https:\/\/ovtar.com\/index.php\/privacy-policy\/","title":{"rendered":"LAZARISTI V RUSIJI"},"content":{"rendered":"\r\n<p>Prvi lazarist v Rusiji je najbr\u017e bil neki Poljak, kakor poro\u010da jezuit Jozeph Spilmann v svojem potopisu Skozi Azijo (Durch Asien) leta 1896. Ta mladi lazarist je bil pripeljan na podro\u010dje Bajkalskega jezera skupaj s privedenimi poljskimi uporniki. V tem potopisu ni omenjeno ni\u010d ve\u010d o tem lazaristu ne o kakem drugem. (Mogo\u010de bi lahko kdo kaj na\u0161el v arhivu poljske province lazaristov.)<\/p>\r\n<p>Po padcu komunizma v Sovjetski zvezi so bile ustanovljene osnovne strukture katoli\u0161ke cerkve v Rusiji in sta bila imenovana dva \u0161kofa kot apostolska administratorja. Eden v Moskvi za evropski del Rusije in drugi v Novosibirsku za azijski del Rusije.<\/p>\r\n<p>Toma\u017e Mavri\u010dMatej Kuczak<\/p>\r\n<p>V Novosibirsku je postal tako \u0161kof apostolski administrator jezuit Josip Werth. On je takoj ob nastopu slu\u017ebe poslal pro\u0161nje mnogim \u0161kofom v Evropo in in predstojnikom razli\u010dnih redov, z \u017eeljo, da bi mu poslali duhovnikov in redovnikov za njegovo ob\u0161irno \u0161kofijo, ki je segala od Urala do Japonskega morja. Tako se je tudi genarelni superior Misijonske dru\u017ebe odlo\u010dil, da bi poslal svoje sobrate na delo v Rusijo, v Sibirijo. Prvi je \u0161el pogledat 1995 irski sobrat Paul Roche, nato \u0161e isto leto avgusta generalni asistent Italo Zedde v dru\u017ebi takratnega poljskega vizitatorja Holubicki Karola. Takrat sta obiskala \u0161kofa v Novosibirsku. Potem je generalni superior misijonske dru\u017ebe napisal pismo vsem sobratom s priporo\u010dilom naj se prijavijo za misijonsko delo v\u00a0Rusiji, v Sibiriji. Po prijavi so bili izbrani: Slovenec Toma\u017e Mavri\u010d in dva Poljaka Matej Kuczak in Krzysztof Waryan. \u0160kof je dolo\u010dil za lazariste delokrog pastorelnega delovanja na podro\u010dju severnega Urala s sredi\u0161\u010dem v Ni\u017enjem Tagilu. Na\u0161a dva sobrata (T. Mavri\u010d in M. Kuczak) sta pri\u0161la v Ni\u017enij Tagil 12. avgusta 1997 in se nastanila pri eni katoli\u0161ki dru\u017eini. Ob tem je bila takoj ustanovljena hi\u0161a in superior je postal Toma\u017e Mavri\u010d. \u010cez eno leta sta sobrata kupila stanovanje v stanovanjskem bloku v vzhodnem delu mesta v mestni \u010detrti Vagonka, kjer je tudi lesena cerkev, ki jo je 13. maja 1997 (praznik Fatimske Matere Bo\u017eje in je cerkev tudi posve\u010dena tej skrivnosti) postavila dobrodelna organizacija Renovabis iz Nem\u010dije. \u0160kof J. Werth je Toma\u017ea Mavri\u010da imenoval tudi za \u017eupnika \u017eupnije Lur\u0161ke Metere bo\u017eje v Ni\u017enjem Tagilu.<\/p>\r\n<p>&nbsp;<\/p>\r\n<p>Trinajst mesecev po njunem prihodu se<\/p>\r\n<p>Lojze Letonja<\/p>\r\n<p>jima je pridru\u017eil tretji lazarist Poljak Krzysztof Waryan in naslednji mesec 10. oktobra 1998 lazarist Slovenec Lojze Letonja, ki je trinajst let misijonaril na Madagaskarju. Do konca aprila 1999 je Lojze Letonja bil v Novosibirsku, kjer se je u\u010dil ru\u0161\u010dine, stanoval je v \u0161kofijskem domu.<\/p>\r\n<p>Kri\u0161tof Varian<\/p>\r\n<p>Ob veliki no\u010di 1999 sta se dva sobrata Krzysztof Waryan in Lojze Letonja naselila v Severouralsku in \u0161kof J. Werth je ustanovil dve novi \u017eupniji in sicer eno v Severouralsku in drugo v Krasnoturinsku. Sobrata sta kupila stanovanje v stanovanjskem bloku v Severouralsku in zbirala svoje vernike ob nedeljah v dvorani kulturnega doma in na stanovanju enega od katoli\u010danov. Po enem letu takega delovanja sta kupila stanovanja v stanovanjskem bloku tako v Severouralsku kot v Krasnoturinsku in ta dva stanovanja preuredila v \u017eupnijske prostore s kapelami, kjer so se lahko za\u010deli zbirati katoli\u010dani k bogoslu\u017eju. Tako je \u0161kof J. Werth ob pastoralnem obisku 20.maja 2001 blagoslovil novi kapeli v Severouralsku posve\u010deni sv. Barbari &#8211; zavetnici rudarjev in v Krasnoturinsku posve\u010deni sv. Vincenciju Pavelskemu.<\/p>\r\n<ol start=\"18\">\r\n<li>aprila 2000 so pri\u0161le v Ni\u017enij Tagil tri sestre usmiljenke iz slova\u0161ke province. V \u017eupniji se posve\u010dajo dobrodelni dejavnosti. Obiskujejo bolnike, zbirajo zpu\u0161\u010dene otroke in otroke iz neurejenih dru\u017ein in jim pomagajo, da bi ostali na pravi poti. Med verniki animirajo skupino mladih in dejavno sodelujejo pri liturgiji.<\/li>\r\n<\/ol>\r\n<p>S prvim januarjem je bila ustanovljena nova viceprovinca imanovana Viceprovinca sv. Cirila in Metoda s sede\u017eem v Kijevu v Ukrajini. Vicevizitator je postal zgoraj omenjeni Paul Roche iz irske province. V to viceprovinco spadamo tudi sobratje iz Rusije, v njej so sobratje iz Ukrajine in Belorusije.<\/p>\r\n<p>Ker mora nova viceprovinca imeti tudi svoje institucije in upravo, je vicevizitator po posvetu s svetovalci dolo\u010dil Toma\u017ea Mavri\u010da, \u017eupnika in superijorja v Ni\u017enjem Tagilu, za ravnatelja noviciata in ga ob koncu avgusta 2001 poslal na Irsko za eno leto, da bi se pripravil na to delo, ki bi ga naj za\u010del septembra 2002. Drugega sobrata Mateja Kuczaka je tudi novembra 2001 posla na drugo mesto v Harkov v Ukrajino. Tako je moral prestaviti sobrata Lojzeta Letonja v Ni\u017enij Tagil in ga imenoval za superiorja in on je tudi nasledil Toma\u017ea Mavri\u010da kot \u017eupnika v Ni\u017enjem Tagilu. Za njegovega pomo\u010dnika je pri\u0161el 13. novembra Slovenec Tone Ovtar, ki je bil pred tem kaplan pri Brezmade\u017eni v Torontu. Na severu, v Severouralsku in Krasnoturinsku je ostal sobrat Krzysztof Waryan, ki opravlja obe \u017eupniji in je bil \u010dlan hi\u0161e v Ni\u017enjem Tagilu.<\/p>\r\n<p>Leta 2003 nas je zapustil Krzysztof Waryan, ki je od\u0161el na slu\u017ebo v Nem\u010dijo. Na njegovo mesto je pri\u0161el Robert.<\/p>\r\n<p>Robert Iskrzickij<\/p>\r\n<p>&nbsp;<\/p>\r\n<p>Anatolij Tovkan<\/p>\r\n<p>Leta 2008 (julij) nas je zapustil Lojze Letonja, na njegovem mestu pri\u0161el Anatolij Tovkan iz Ukrajine (Zakrpatje), (oktober 2008).<\/p>\r\n<p>Leta 2009 (13 septembra) je pri\u0161el biv\u0161ij vice-vizitator Paul Roche, njegovo mesto je prevzel Toma\u017e Mavri\u010d. Anatolij Tovkan pa je bil preme\u0161\u010den v Kijev za semeni\u0161\u010dnike.<\/p>\r\n<p>Paul Roche<\/p>\r\n<p>V septembru 2010 pa nam je pri\u0161el na pomo\u010d \u0161e Adam Stroczynski (Poljak).<\/p>\r\n<p>&nbsp;<\/p>\r\n<p>Adam Stroczynski<\/p>\r\n<ol start=\"3\">\r\n<li>marca 2011 se je sestram pridru\u017eila s. Mirjam Ju\u0161kova tudi iz Slova\u0161ke. Sestre so ob praznikov Velike no\u010di ustanovile novo skupno v Omskem, kamor so od\u0161le ss. Mihaela Dubenova in Antonija Lednicka (11. aprila 2011), pridru\u017eila se jim \u0161e je s. Denisa iz Slova\u0161ke.<\/li>\r\n<\/ol>\r\n<p>Paul Roche v septembru 2011 prejel novo obveznost v svoji doma\u010di provinci Irski, odpotoval je v London.<\/p>\r\n<p>Anton Jedinak<\/p>\r\n<p>Leta 2013, poleti je Adam od\u0161el nazaj na Ukrajino, na njegovo mesto pa je pri\u0161el Anton Jedinak (Slovak).<\/p>\r\n<p>Leta 2018, 27. septembra, se je vrnil na svoje prej\u0161nje delo na Ukrajino.<\/p>\r\n<p>&nbsp;<\/p>\r\n<p>Leta 2022 oktobra 28, se je moral umakniti iz Rusije Ovtar Anton po zahtevi &#8220;Migration office&#8221;. Odpotoval je domov v Slovenijo.<\/p>\r\n<p>Za njim sta pri\u0161la duhovnika &#8211; lazarista iz Indije: 2024<\/p>\r\n<p>&nbsp;<\/p>\r\n<p>&nbsp;<\/p>","protected":false},"excerpt":{"rendered":"<p>Prvi lazarist v Rusiji je najbr\u017e bil neki Poljak, kakor poro\u010da jezuit Jozeph Spilmann v svojem potopisu Skozi Azijo (Durch Asien) leta 1896. Ta mladi lazarist je bil pripeljan na podro\u010dje Bajkalskega jezera skupaj s privedenimi poljskimi uporniki. V tem potopisu ni omenjeno ni\u010d ve\u010d o tem lazaristu ne o kakem drugem. (Mogo\u010de bi lahko &hellip; <a href=\"https:\/\/ovtar.com\/index.php\/privacy-policy\/\" class=\"more-link\">Preberi ve\u010d o <span class=\"screen-reader-text\">LAZARISTI V RUSIJI<\/span><\/a><\/p>\n","protected":false},"author":1,"featured_media":0,"parent":0,"menu_order":0,"comment_status":"closed","ping_status":"open","template":"","meta":{"footnotes":""},"class_list":["post-3","page","type-page","status-publish","hentry"],"_links":{"self":[{"href":"https:\/\/ovtar.com\/index.php\/wp-json\/wp\/v2\/pages\/3","targetHints":{"allow":["GET"]}}],"collection":[{"href":"https:\/\/ovtar.com\/index.php\/wp-json\/wp\/v2\/pages"}],"about":[{"href":"https:\/\/ovtar.com\/index.php\/wp-json\/wp\/v2\/types\/page"}],"author":[{"embeddable":true,"href":"https:\/\/ovtar.com\/index.php\/wp-json\/wp\/v2\/users\/1"}],"replies":[{"embeddable":true,"href":"https:\/\/ovtar.com\/index.php\/wp-json\/wp\/v2\/comments?post=3"}],"version-history":[{"count":4,"href":"https:\/\/ovtar.com\/index.php\/wp-json\/wp\/v2\/pages\/3\/revisions"}],"predecessor-version":[{"id":29,"href":"https:\/\/ovtar.com\/index.php\/wp-json\/wp\/v2\/pages\/3\/revisions\/29"}],"wp:attachment":[{"href":"https:\/\/ovtar.com\/index.php\/wp-json\/wp\/v2\/media?parent=3"}],"curies":[{"name":"wp","href":"https:\/\/api.w.org\/{rel}","templated":true}]}}